{"id":406,"date":"2020-03-26T16:48:33","date_gmt":"2020-03-26T16:48:33","guid":{"rendered":"http:\/\/hotellechalet.ms.decms.eu\/offres-speciales\/"},"modified":"2020-12-03T10:37:48","modified_gmt":"2020-12-03T10:37:48","slug":"special-offers","status":"publish","type":"page","link":"https:\/\/hotellechalet.fr\/en\/special-offers\/","title":{"rendered":"Special Offers"},"content":{"rendered":"<!-- \"File Gallery\" plugin says: - No attachments found for the following shortcode arguments: \"{\"link\":\"post\"}\" -->\n<p><img loading=\"lazy\" decoding=\"async\" class=\"size-full wp-image-498 aligncenter\" src=\"https:\/\/hotellechalet.fr\/wp-content\/uploads\/sites\/152\/2020\/12\/index-noel-2020.jpg\" alt=\"offre de No\u00ebl\" width=\"299\" height=\"168\" \/><\/p>\n<p style=\"text-align: center\"><em><strong>Une envie, un plaisir, pensez \u00e0 No\u00ebl, offrez un bon cadeau \u00e0 vos proches&#8230;<\/strong><\/em><\/p>\n<p style=\"text-align: center\"><em><strong>Notre offre comprend une chambre ,le repas, petits d\u00e9jeuners, le spa pour un prix de 210 \u20ac pour deux personnes pour un s\u00e9jour d&#8217;une nuit .<\/strong><\/em><\/p>\n<p style=\"text-align: center\"><em><strong>Le plus en r\u00e9servant directement sur notre site ou en t\u00e9l\u00e9phonant UNE COUPE DE CHAMPAGNE vous sera offerte.<\/strong><\/em><\/p>\n<p style=\"text-align: center\">\n<p style=\"text-align: center\">Validit\u00e9 : un an<\/p>\n","protected":false},"excerpt":{"rendered":"<p>Une envie, un plaisir, pensez \u00e0 No\u00ebl, offrez un bon cadeau \u00e0 vos proches&#8230; Notre offre comprend une chambre ,le repas, petits d\u00e9jeuners, le spa pour un prix de 210 \u20ac pour deux personnes pour un s\u00e9jour d&#8217;une nuit . Le plus en r\u00e9servant directement sur notre site ou en t\u00e9l\u00e9phonant UNE COUPE DE CHAMPAGNE [&hellip;]<\/p>\n","protected":false},"author":137,"featured_media":0,"parent":0,"menu_order":90,"comment_status":"closed","ping_status":"closed","template":"template-special-offers.php","meta":{"footnotes":""},"class_list":["post-406","page","type-page","status-publish","hentry"],"yoast_head":"<!-- This site is optimized with the Yoast SEO plugin v26.9 - https:\/\/yoast.com\/product\/yoast-seo-wordpress\/ -->\n<title>Special Offers - Hotel le Chalet<\/title>\n<meta name=\"description\" content=\"Discover special offers and good deals throughout the year to make your stay in Gresse-en-Vercors happen in the best conditions and for a unique experience.\" \/>\n<meta name=\"robots\" content=\"index, follow, max-snippet:-1, max-image-preview:large, max-video-preview:-1\" \/>\n<link rel=\"canonical\" href=\"https:\/\/hotellechalet.fr\/en\/special-offers\/\" \/>\n<meta property=\"og:locale\" content=\"en_US\" \/>\n<meta property=\"og:type\" content=\"article\" \/>\n<meta property=\"og:title\" content=\"Special Offers - Hotel le Chalet\" \/>\n<meta property=\"og:description\" content=\"Discover special offers and good deals throughout the year to make your stay in Gresse-en-Vercors happen in the best conditions and for a unique experience.\" \/>\n<meta property=\"og:url\" content=\"https:\/\/hotellechalet.fr\/en\/special-offers\/\" \/>\n<meta property=\"og:site_name\" content=\"Hotel le Chalet\" \/>\n<meta property=\"article:modified_time\" content=\"2020-12-03T10:37:48+00:00\" \/>\n<meta property=\"og:image\" content=\"https:\/\/hotellechalet.fr\/wp-content\/uploads\/sites\/152\/2020\/12\/index-noel-2020.jpg\" \/>\n<meta name=\"twitter:card\" content=\"summary_large_image\" \/>\n<script type=\"application\/ld+json\" class=\"yoast-schema-graph\">{\"@context\":\"https:\/\/schema.org\",\"@graph\":[{\"@type\":\"WebPage\",\"@id\":\"https:\/\/hotellechalet.fr\/en\/special-offers\/\",\"url\":\"https:\/\/hotellechalet.fr\/en\/special-offers\/\",\"name\":\"Special Offers - Hotel le Chalet\",\"isPartOf\":{\"@id\":\"https:\/\/hotellechalet.fr\/en\/#website\"},\"primaryImageOfPage\":{\"@id\":\"https:\/\/hotellechalet.fr\/en\/special-offers\/#primaryimage\"},\"image\":{\"@id\":\"https:\/\/hotellechalet.fr\/en\/special-offers\/#primaryimage\"},\"thumbnailUrl\":\"https:\/\/hotellechalet.fr\/wp-content\/uploads\/sites\/152\/2020\/12\/index-noel-2020.jpg\",\"datePublished\":\"2020-03-26T16:48:33+00:00\",\"dateModified\":\"2020-12-03T10:37:48+00:00\",\"description\":\"Discover special offers and good deals throughout the year to make your stay in Gresse-en-Vercors happen in the best conditions and for a unique experience.\",\"breadcrumb\":{\"@id\":\"https:\/\/hotellechalet.fr\/en\/special-offers\/#breadcrumb\"},\"inLanguage\":\"en-US\",\"potentialAction\":[{\"@type\":\"ReadAction\",\"target\":[\"https:\/\/hotellechalet.fr\/en\/special-offers\/\"]}]},{\"@type\":\"ImageObject\",\"inLanguage\":\"en-US\",\"@id\":\"https:\/\/hotellechalet.fr\/en\/special-offers\/#primaryimage\",\"url\":\"https:\/\/hotellechalet.fr\/wp-content\/uploads\/sites\/152\/2020\/12\/index-noel-2020.jpg\",\"contentUrl\":\"https:\/\/hotellechalet.fr\/wp-content\/uploads\/sites\/152\/2020\/12\/index-noel-2020.jpg\"},{\"@type\":\"BreadcrumbList\",\"@id\":\"https:\/\/hotellechalet.fr\/en\/special-offers\/#breadcrumb\",\"itemListElement\":[{\"@type\":\"ListItem\",\"position\":1,\"name\":\"Home\",\"item\":\"https:\/\/hotellechalet.fr\/en\/\"},{\"@type\":\"ListItem\",\"position\":2,\"name\":\"Special Offers\"}]},{\"@type\":\"WebSite\",\"@id\":\"https:\/\/hotellechalet.fr\/en\/#website\",\"url\":\"https:\/\/hotellechalet.fr\/en\/\",\"name\":\"Hotel le Chalet\",\"description\":\"\",\"potentialAction\":[{\"@type\":\"SearchAction\",\"target\":{\"@type\":\"EntryPoint\",\"urlTemplate\":\"https:\/\/hotellechalet.fr\/en\/?s={search_term_string}\"},\"query-input\":{\"@type\":\"PropertyValueSpecification\",\"valueRequired\":true,\"valueName\":\"search_term_string\"}}],\"inLanguage\":\"en-US\"}]}<\/script>\n<!-- \/ Yoast SEO plugin. -->","yoast_head_json":{"title":"Special Offers - Hotel le Chalet","description":"Discover special offers and good deals throughout the year to make your stay in Gresse-en-Vercors happen in the best conditions and for a unique experience.","robots":{"index":"index","follow":"follow","max-snippet":"max-snippet:-1","max-image-preview":"max-image-preview:large","max-video-preview":"max-video-preview:-1"},"canonical":"https:\/\/hotellechalet.fr\/en\/special-offers\/","og_locale":"en_US","og_type":"article","og_title":"Special Offers - Hotel le Chalet","og_description":"Discover special offers and good deals throughout the year to make your stay in Gresse-en-Vercors happen in the best conditions and for a unique experience.","og_url":"https:\/\/hotellechalet.fr\/en\/special-offers\/","og_site_name":"Hotel le Chalet","article_modified_time":"2020-12-03T10:37:48+00:00","og_image":[{"url":"https:\/\/hotellechalet.fr\/wp-content\/uploads\/sites\/152\/2020\/12\/index-noel-2020.jpg","type":"","width":"","height":""}],"twitter_card":"summary_large_image","schema":{"@context":"https:\/\/schema.org","@graph":[{"@type":"WebPage","@id":"https:\/\/hotellechalet.fr\/en\/special-offers\/","url":"https:\/\/hotellechalet.fr\/en\/special-offers\/","name":"Special Offers - Hotel le Chalet","isPartOf":{"@id":"https:\/\/hotellechalet.fr\/en\/#website"},"primaryImageOfPage":{"@id":"https:\/\/hotellechalet.fr\/en\/special-offers\/#primaryimage"},"image":{"@id":"https:\/\/hotellechalet.fr\/en\/special-offers\/#primaryimage"},"thumbnailUrl":"https:\/\/hotellechalet.fr\/wp-content\/uploads\/sites\/152\/2020\/12\/index-noel-2020.jpg","datePublished":"2020-03-26T16:48:33+00:00","dateModified":"2020-12-03T10:37:48+00:00","description":"Discover special offers and good deals throughout the year to make your stay in Gresse-en-Vercors happen in the best conditions and for a unique experience.","breadcrumb":{"@id":"https:\/\/hotellechalet.fr\/en\/special-offers\/#breadcrumb"},"inLanguage":"en-US","potentialAction":[{"@type":"ReadAction","target":["https:\/\/hotellechalet.fr\/en\/special-offers\/"]}]},{"@type":"ImageObject","inLanguage":"en-US","@id":"https:\/\/hotellechalet.fr\/en\/special-offers\/#primaryimage","url":"https:\/\/hotellechalet.fr\/wp-content\/uploads\/sites\/152\/2020\/12\/index-noel-2020.jpg","contentUrl":"https:\/\/hotellechalet.fr\/wp-content\/uploads\/sites\/152\/2020\/12\/index-noel-2020.jpg"},{"@type":"BreadcrumbList","@id":"https:\/\/hotellechalet.fr\/en\/special-offers\/#breadcrumb","itemListElement":[{"@type":"ListItem","position":1,"name":"Home","item":"https:\/\/hotellechalet.fr\/en\/"},{"@type":"ListItem","position":2,"name":"Special Offers"}]},{"@type":"WebSite","@id":"https:\/\/hotellechalet.fr\/en\/#website","url":"https:\/\/hotellechalet.fr\/en\/","name":"Hotel le Chalet","description":"","potentialAction":[{"@type":"SearchAction","target":{"@type":"EntryPoint","urlTemplate":"https:\/\/hotellechalet.fr\/en\/?s={search_term_string}"},"query-input":{"@type":"PropertyValueSpecification","valueRequired":true,"valueName":"search_term_string"}}],"inLanguage":"en-US"}]}},"acf":[],"_links":{"self":[{"href":"https:\/\/hotellechalet.fr\/en\/wp-json\/wp\/v2\/pages\/406","targetHints":{"allow":["GET"]}}],"collection":[{"href":"https:\/\/hotellechalet.fr\/en\/wp-json\/wp\/v2\/pages"}],"about":[{"href":"https:\/\/hotellechalet.fr\/en\/wp-json\/wp\/v2\/types\/page"}],"author":[{"embeddable":true,"href":"https:\/\/hotellechalet.fr\/en\/wp-json\/wp\/v2\/users\/137"}],"replies":[{"embeddable":true,"href":"https:\/\/hotellechalet.fr\/en\/wp-json\/wp\/v2\/comments?post=406"}],"version-history":[{"count":0,"href":"https:\/\/hotellechalet.fr\/en\/wp-json\/wp\/v2\/pages\/406\/revisions"}],"wp:attachment":[{"href":"https:\/\/hotellechalet.fr\/en\/wp-json\/wp\/v2\/media?parent=406"}],"curies":[{"name":"wp","href":"https:\/\/api.w.org\/{rel}","templated":true}]}}